{"id":1760,"date":"2024-11-06T11:25:31","date_gmt":"2024-11-06T10:25:31","guid":{"rendered":"https:\/\/minorsens.eu\/objetivos\/"},"modified":"2025-02-28T10:59:44","modified_gmt":"2025-02-28T09:59:44","slug":"objetivos","status":"publish","type":"page","link":"https:\/\/minorsens.eu\/pt-pt\/objetivos\/","title":{"rendered":"Objetivos"},"content":{"rendered":"\t\t<div data-elementor-type=\"wp-page\" data-elementor-id=\"1760\" class=\"elementor elementor-1760 elementor-717\" data-elementor-post-type=\"page\">\n\t\t\t\t<div class=\"elementor-element elementor-element-8cf0ddb e-flex e-con-boxed e-con e-parent\" data-id=\"8cf0ddb\" data-element_type=\"container\" data-e-type=\"container\">\n\t\t\t\t\t<div class=\"e-con-inner\">\n\t\t<div class=\"elementor-element elementor-element-fbe7eea e-con-full e-flex e-con e-child\" data-id=\"fbe7eea\" data-element_type=\"container\" data-e-type=\"container\">\n\t\t\t\t<div class=\"elementor-element elementor-element-14ce03c elementor-widget elementor-widget-heading\" data-id=\"14ce03c\" data-element_type=\"widget\" data-e-type=\"widget\" data-widget_type=\"heading.default\">\n\t\t\t\t<div class=\"elementor-widget-container\">\n\t\t\t\t\t<h2 class=\"elementor-heading-title elementor-size-default\">Objetivos do projeto<\/h2>\t\t\t\t<\/div>\n\t\t\t\t<\/div>\n\t\t\t\t<div class=\"elementor-element elementor-element-93b4339 elementor-widget elementor-widget-text-editor\" data-id=\"93b4339\" data-element_type=\"widget\" data-e-type=\"widget\" data-widget_type=\"text-editor.default\">\n\t\t\t\t<div class=\"elementor-widget-container\">\n\t\t\t\t\t\t\t\t\t<p>O projeto MINORSENS visa valorizar variedades minorit\u00e1rias de videira da zona transfronteiri\u00e7a entre Castela e Le\u00e3o (Le\u00f3n, Zamora, Salamanca, \u00c1vila e Valladolid) e Norte de Portugal (Tr\u00e1s os Montes) atrav\u00e9s do estudo das caracter\u00edsticas dos mostos e vinhos monovarietais obtidos de cada variedade.<\/p>\t\t\t\t\t\t\t\t<\/div>\n\t\t\t\t<\/div>\n\t\t\t\t<\/div>\n\t\t<div class=\"elementor-element elementor-element-3a9dca9 e-con-full e-flex e-con e-child\" data-id=\"3a9dca9\" data-element_type=\"container\" data-e-type=\"container\">\n\t\t\t\t<div class=\"elementor-element elementor-element-0513155 elementor-widget elementor-widget-image\" data-id=\"0513155\" data-element_type=\"widget\" data-e-type=\"widget\" data-widget_type=\"image.default\">\n\t\t\t\t<div class=\"elementor-widget-container\">\n\t\t\t\t\t\t\t\t\t\t\t\t\t\t\t<img loading=\"lazy\" decoding=\"async\" width=\"1280\" height=\"1920\" src=\"https:\/\/minorsens.eu\/wp-content\/uploads\/2024\/11\/Minorsens-33.jpg\" class=\"attachment-full size-full wp-image-565\" alt=\"\" srcset=\"https:\/\/minorsens.eu\/wp-content\/uploads\/2024\/11\/Minorsens-33.jpg 1280w, https:\/\/minorsens.eu\/wp-content\/uploads\/2024\/11\/Minorsens-33-200x300.jpg 200w, https:\/\/minorsens.eu\/wp-content\/uploads\/2024\/11\/Minorsens-33-683x1024.jpg 683w, https:\/\/minorsens.eu\/wp-content\/uploads\/2024\/11\/Minorsens-33-768x1152.jpg 768w, https:\/\/minorsens.eu\/wp-content\/uploads\/2024\/11\/Minorsens-33-1024x1536.jpg 1024w\" sizes=\"auto, (max-width: 1280px) 100vw, 1280px\" \/>\t\t\t\t\t\t\t\t\t\t\t\t\t\t\t<\/div>\n\t\t\t\t<\/div>\n\t\t\t\t<\/div>\n\t\t\t\t\t<\/div>\n\t\t\t\t<\/div>\n\t\t<div class=\"elementor-element elementor-element-5310305 e-flex e-con-boxed e-con e-parent\" data-id=\"5310305\" data-element_type=\"container\" data-e-type=\"container\">\n\t\t\t\t\t<div class=\"e-con-inner\">\n\t\t\t\t<div class=\"elementor-element elementor-element-48ff24e elementor-widget elementor-widget-heading\" data-id=\"48ff24e\" data-element_type=\"widget\" data-e-type=\"widget\" data-widget_type=\"heading.default\">\n\t\t\t\t<div class=\"elementor-widget-container\">\n\t\t\t\t\t<h2 class=\"elementor-heading-title elementor-size-default\">Miss\u00e3o e vis\u00e3o<\/h2>\t\t\t\t<\/div>\n\t\t\t\t<\/div>\n\t\t\t\t\t<\/div>\n\t\t\t\t<\/div>\n\t\t<div class=\"elementor-element elementor-element-1f5c9a7 e-flex e-con-boxed e-con e-parent\" data-id=\"1f5c9a7\" data-element_type=\"container\" data-e-type=\"container\">\n\t\t\t\t\t<div class=\"e-con-inner\">\n\t\t<div class=\"elementor-element elementor-element-6eb6bc5 e-con-full e-transform e-transform e-flex e-con e-child\" data-id=\"6eb6bc5\" data-element_type=\"container\" data-e-type=\"container\" data-settings=\"{&quot;background_background&quot;:&quot;classic&quot;,&quot;_transform_rotateZ_effect_hover&quot;:{&quot;unit&quot;:&quot;px&quot;,&quot;size&quot;:-2,&quot;sizes&quot;:[]},&quot;_transform_scale_effect_hover&quot;:{&quot;unit&quot;:&quot;px&quot;,&quot;size&quot;:1.03,&quot;sizes&quot;:[]},&quot;_transform_rotateZ_effect_hover_tablet&quot;:{&quot;unit&quot;:&quot;deg&quot;,&quot;size&quot;:&quot;&quot;,&quot;sizes&quot;:[]},&quot;_transform_rotateZ_effect_hover_mobile&quot;:{&quot;unit&quot;:&quot;deg&quot;,&quot;size&quot;:&quot;&quot;,&quot;sizes&quot;:[]},&quot;_transform_scale_effect_hover_tablet&quot;:{&quot;unit&quot;:&quot;px&quot;,&quot;size&quot;:&quot;&quot;,&quot;sizes&quot;:[]},&quot;_transform_scale_effect_hover_mobile&quot;:{&quot;unit&quot;:&quot;px&quot;,&quot;size&quot;:&quot;&quot;,&quot;sizes&quot;:[]}}\">\n\t\t\t\t<div class=\"elementor-element elementor-element-1e0e223 elementor-invisible elementor-widget elementor-widget-image\" data-id=\"1e0e223\" data-element_type=\"widget\" data-e-type=\"widget\" data-settings=\"{&quot;_animation&quot;:&quot;tada&quot;}\" data-widget_type=\"image.default\">\n\t\t\t\t<div class=\"elementor-widget-container\">\n\t\t\t\t\t\t\t\t\t\t\t\t\t\t\t<img loading=\"lazy\" decoding=\"async\" width=\"800\" height=\"800\" src=\"https:\/\/minorsens.eu\/wp-content\/uploads\/2024\/11\/iconos-minorsens-verde-01.svg\" class=\"attachment-large size-large wp-image-757\" alt=\"\" \/>\t\t\t\t\t\t\t\t\t\t\t\t\t\t\t<\/div>\n\t\t\t\t<\/div>\n\t\t\t\t<div class=\"elementor-element elementor-element-6c98491 elementor-widget elementor-widget-heading\" data-id=\"6c98491\" data-element_type=\"widget\" data-e-type=\"widget\" data-widget_type=\"heading.default\">\n\t\t\t\t<div class=\"elementor-widget-container\">\n\t\t\t\t\t<h5 class=\"elementor-heading-title elementor-size-default\">Desenvolver e melhorar as capacidades de investiga\u00e7\u00e3o e inova\u00e7\u00e3o implementando tecnologias avan\u00e7adas<\/h5>\t\t\t\t<\/div>\n\t\t\t\t<\/div>\n\t\t\t\t<\/div>\n\t\t<div class=\"elementor-element elementor-element-b6eb52f e-con-full e-transform e-transform e-flex e-con e-child\" data-id=\"b6eb52f\" data-element_type=\"container\" data-e-type=\"container\" data-settings=\"{&quot;background_background&quot;:&quot;classic&quot;,&quot;_transform_rotateZ_effect_hover&quot;:{&quot;unit&quot;:&quot;px&quot;,&quot;size&quot;:2,&quot;sizes&quot;:[]},&quot;_transform_scale_effect_hover&quot;:{&quot;unit&quot;:&quot;px&quot;,&quot;size&quot;:1.03,&quot;sizes&quot;:[]},&quot;_transform_rotateZ_effect_hover_tablet&quot;:{&quot;unit&quot;:&quot;deg&quot;,&quot;size&quot;:&quot;&quot;,&quot;sizes&quot;:[]},&quot;_transform_rotateZ_effect_hover_mobile&quot;:{&quot;unit&quot;:&quot;deg&quot;,&quot;size&quot;:&quot;&quot;,&quot;sizes&quot;:[]},&quot;_transform_scale_effect_hover_tablet&quot;:{&quot;unit&quot;:&quot;px&quot;,&quot;size&quot;:&quot;&quot;,&quot;sizes&quot;:[]},&quot;_transform_scale_effect_hover_mobile&quot;:{&quot;unit&quot;:&quot;px&quot;,&quot;size&quot;:&quot;&quot;,&quot;sizes&quot;:[]}}\">\n\t\t\t\t<div class=\"elementor-element elementor-element-a5f932d elementor-invisible elementor-widget elementor-widget-image\" data-id=\"a5f932d\" data-element_type=\"widget\" data-e-type=\"widget\" data-settings=\"{&quot;_animation&quot;:&quot;tada&quot;}\" data-widget_type=\"image.default\">\n\t\t\t\t<div class=\"elementor-widget-container\">\n\t\t\t\t\t\t\t\t\t\t\t\t\t\t\t<img decoding=\"async\" width=\"800\" height=\"800\" src=\"https:\/\/minorsens.eu\/wp-content\/uploads\/2024\/11\/iconos-minorsens-verde-02.svg\" class=\"attachment-large size-large wp-image-758\" alt=\"\" loading=\"lazy\" \/>\t\t\t\t\t\t\t\t\t\t\t\t\t\t\t<\/div>\n\t\t\t\t<\/div>\n\t\t\t\t<div class=\"elementor-element elementor-element-c792bbe elementor-widget elementor-widget-heading\" data-id=\"c792bbe\" data-element_type=\"widget\" data-e-type=\"widget\" data-widget_type=\"heading.default\">\n\t\t\t\t<div class=\"elementor-widget-container\">\n\t\t\t\t\t<h5 class=\"elementor-heading-title elementor-size-default\">Identificar e selecionar variedades de videira em perigo de extin\u00e7\u00e3o com interesse enol\u00f3gico<\/h5>\t\t\t\t<\/div>\n\t\t\t\t<\/div>\n\t\t\t\t<\/div>\n\t\t<div class=\"elementor-element elementor-element-c176fcd e-con-full e-transform e-transform e-flex e-con e-child\" data-id=\"c176fcd\" data-element_type=\"container\" data-e-type=\"container\" data-settings=\"{&quot;background_background&quot;:&quot;classic&quot;,&quot;_transform_rotateZ_effect_hover&quot;:{&quot;unit&quot;:&quot;px&quot;,&quot;size&quot;:-2,&quot;sizes&quot;:[]},&quot;_transform_scale_effect_hover&quot;:{&quot;unit&quot;:&quot;px&quot;,&quot;size&quot;:1.03,&quot;sizes&quot;:[]},&quot;_transform_rotateZ_effect_hover_tablet&quot;:{&quot;unit&quot;:&quot;deg&quot;,&quot;size&quot;:&quot;&quot;,&quot;sizes&quot;:[]},&quot;_transform_rotateZ_effect_hover_mobile&quot;:{&quot;unit&quot;:&quot;deg&quot;,&quot;size&quot;:&quot;&quot;,&quot;sizes&quot;:[]},&quot;_transform_scale_effect_hover_tablet&quot;:{&quot;unit&quot;:&quot;px&quot;,&quot;size&quot;:&quot;&quot;,&quot;sizes&quot;:[]},&quot;_transform_scale_effect_hover_mobile&quot;:{&quot;unit&quot;:&quot;px&quot;,&quot;size&quot;:&quot;&quot;,&quot;sizes&quot;:[]}}\">\n\t\t\t\t<div class=\"elementor-element elementor-element-d5b0dfd elementor-invisible elementor-widget elementor-widget-image\" data-id=\"d5b0dfd\" data-element_type=\"widget\" data-e-type=\"widget\" data-settings=\"{&quot;_animation&quot;:&quot;tada&quot;}\" data-widget_type=\"image.default\">\n\t\t\t\t<div class=\"elementor-widget-container\">\n\t\t\t\t\t\t\t\t\t\t\t\t\t\t\t<img decoding=\"async\" width=\"800\" height=\"800\" src=\"https:\/\/minorsens.eu\/wp-content\/uploads\/2024\/11\/iconos-minorsens-verde-03.svg\" class=\"attachment-large size-large wp-image-753\" alt=\"\" loading=\"lazy\" \/>\t\t\t\t\t\t\t\t\t\t\t\t\t\t\t<\/div>\n\t\t\t\t<\/div>\n\t\t\t\t<div class=\"elementor-element elementor-element-07d81b2 elementor-widget elementor-widget-heading\" data-id=\"07d81b2\" data-element_type=\"widget\" data-e-type=\"widget\" data-widget_type=\"heading.default\">\n\t\t\t\t<div class=\"elementor-widget-container\">\n\t\t\t\t\t<h5 class=\"elementor-heading-title elementor-size-default\">Estudar o potencial enol\u00f3gico das variedades de uva minorit\u00e1rias<\/h5>\t\t\t\t<\/div>\n\t\t\t\t<\/div>\n\t\t\t\t<\/div>\n\t\t<div class=\"elementor-element elementor-element-bac5e7a e-con-full e-transform e-transform e-flex e-con e-child\" data-id=\"bac5e7a\" data-element_type=\"container\" data-e-type=\"container\" data-settings=\"{&quot;background_background&quot;:&quot;classic&quot;,&quot;_transform_rotateZ_effect_hover&quot;:{&quot;unit&quot;:&quot;px&quot;,&quot;size&quot;:-2,&quot;sizes&quot;:[]},&quot;_transform_scale_effect_hover&quot;:{&quot;unit&quot;:&quot;px&quot;,&quot;size&quot;:1.03,&quot;sizes&quot;:[]},&quot;_transform_rotateZ_effect_hover_tablet&quot;:{&quot;unit&quot;:&quot;deg&quot;,&quot;size&quot;:&quot;&quot;,&quot;sizes&quot;:[]},&quot;_transform_rotateZ_effect_hover_mobile&quot;:{&quot;unit&quot;:&quot;deg&quot;,&quot;size&quot;:&quot;&quot;,&quot;sizes&quot;:[]},&quot;_transform_scale_effect_hover_tablet&quot;:{&quot;unit&quot;:&quot;px&quot;,&quot;size&quot;:&quot;&quot;,&quot;sizes&quot;:[]},&quot;_transform_scale_effect_hover_mobile&quot;:{&quot;unit&quot;:&quot;px&quot;,&quot;size&quot;:&quot;&quot;,&quot;sizes&quot;:[]}}\">\n\t\t\t\t<div class=\"elementor-element elementor-element-ab27624 elementor-invisible elementor-widget elementor-widget-image\" data-id=\"ab27624\" data-element_type=\"widget\" data-e-type=\"widget\" data-settings=\"{&quot;_animation&quot;:&quot;tada&quot;}\" data-widget_type=\"image.default\">\n\t\t\t\t<div class=\"elementor-widget-container\">\n\t\t\t\t\t\t\t\t\t\t\t\t\t\t\t<img decoding=\"async\" width=\"800\" height=\"800\" src=\"https:\/\/minorsens.eu\/wp-content\/uploads\/2024\/11\/iconos-minorsens-verde-04.svg\" class=\"attachment-large size-large wp-image-754\" alt=\"\" loading=\"lazy\" \/>\t\t\t\t\t\t\t\t\t\t\t\t\t\t\t<\/div>\n\t\t\t\t<\/div>\n\t\t\t\t<div class=\"elementor-element elementor-element-74d05fc elementor-widget elementor-widget-heading\" data-id=\"74d05fc\" data-element_type=\"widget\" data-e-type=\"widget\" data-widget_type=\"heading.default\">\n\t\t\t\t<div class=\"elementor-widget-container\">\n\t\t\t\t\t<h5 class=\"elementor-heading-title elementor-size-default\">Desenvolver novos m\u00e9todos r\u00e1pidos e sens\u00edveis baseados em sistemas olfativos e gustativos eletr\u00f3nicos<\/h5>\t\t\t\t<\/div>\n\t\t\t\t<\/div>\n\t\t\t\t<\/div>\n\t\t<div class=\"elementor-element elementor-element-1dc3ad1 e-con-full e-transform e-transform e-flex e-con e-child\" data-id=\"1dc3ad1\" data-element_type=\"container\" data-e-type=\"container\" data-settings=\"{&quot;background_background&quot;:&quot;classic&quot;,&quot;_transform_rotateZ_effect_hover&quot;:{&quot;unit&quot;:&quot;px&quot;,&quot;size&quot;:2,&quot;sizes&quot;:[]},&quot;_transform_scale_effect_hover&quot;:{&quot;unit&quot;:&quot;px&quot;,&quot;size&quot;:1.03,&quot;sizes&quot;:[]},&quot;_transform_rotateZ_effect_hover_tablet&quot;:{&quot;unit&quot;:&quot;deg&quot;,&quot;size&quot;:&quot;&quot;,&quot;sizes&quot;:[]},&quot;_transform_rotateZ_effect_hover_mobile&quot;:{&quot;unit&quot;:&quot;deg&quot;,&quot;size&quot;:&quot;&quot;,&quot;sizes&quot;:[]},&quot;_transform_scale_effect_hover_tablet&quot;:{&quot;unit&quot;:&quot;px&quot;,&quot;size&quot;:&quot;&quot;,&quot;sizes&quot;:[]},&quot;_transform_scale_effect_hover_mobile&quot;:{&quot;unit&quot;:&quot;px&quot;,&quot;size&quot;:&quot;&quot;,&quot;sizes&quot;:[]}}\">\n\t\t\t\t<div class=\"elementor-element elementor-element-6334412 elementor-invisible elementor-widget elementor-widget-image\" data-id=\"6334412\" data-element_type=\"widget\" data-e-type=\"widget\" data-settings=\"{&quot;_animation&quot;:&quot;tada&quot;}\" data-widget_type=\"image.default\">\n\t\t\t\t<div class=\"elementor-widget-container\">\n\t\t\t\t\t\t\t\t\t\t\t\t\t\t\t<img decoding=\"async\" width=\"800\" height=\"800\" src=\"https:\/\/minorsens.eu\/wp-content\/uploads\/2024\/11\/iconos-minorsens-verde-05.svg\" class=\"attachment-large size-large wp-image-755\" alt=\"\" loading=\"lazy\" \/>\t\t\t\t\t\t\t\t\t\t\t\t\t\t\t<\/div>\n\t\t\t\t<\/div>\n\t\t\t\t<div class=\"elementor-element elementor-element-67bacb3 elementor-widget elementor-widget-heading\" data-id=\"67bacb3\" data-element_type=\"widget\" data-e-type=\"widget\" data-widget_type=\"heading.default\">\n\t\t\t\t<div class=\"elementor-widget-container\">\n\t\t\t\t\t<h5 class=\"elementor-heading-title elementor-size-default\">Obter uma melhor compreens\u00e3o dos dados multivariados e o desenvolvimento de novos modelos anal\u00edticos<\/h5>\t\t\t\t<\/div>\n\t\t\t\t<\/div>\n\t\t\t\t<\/div>\n\t\t<div class=\"elementor-element elementor-element-72b22a1 e-con-full e-transform e-transform e-flex e-con e-child\" data-id=\"72b22a1\" data-element_type=\"container\" data-e-type=\"container\" data-settings=\"{&quot;background_background&quot;:&quot;classic&quot;,&quot;_transform_rotateZ_effect_hover&quot;:{&quot;unit&quot;:&quot;px&quot;,&quot;size&quot;:-2,&quot;sizes&quot;:[]},&quot;_transform_scale_effect_hover&quot;:{&quot;unit&quot;:&quot;px&quot;,&quot;size&quot;:1.03,&quot;sizes&quot;:[]},&quot;_transform_rotateZ_effect_hover_tablet&quot;:{&quot;unit&quot;:&quot;deg&quot;,&quot;size&quot;:&quot;&quot;,&quot;sizes&quot;:[]},&quot;_transform_rotateZ_effect_hover_mobile&quot;:{&quot;unit&quot;:&quot;deg&quot;,&quot;size&quot;:&quot;&quot;,&quot;sizes&quot;:[]},&quot;_transform_scale_effect_hover_tablet&quot;:{&quot;unit&quot;:&quot;px&quot;,&quot;size&quot;:&quot;&quot;,&quot;sizes&quot;:[]},&quot;_transform_scale_effect_hover_mobile&quot;:{&quot;unit&quot;:&quot;px&quot;,&quot;size&quot;:&quot;&quot;,&quot;sizes&quot;:[]}}\">\n\t\t\t\t<div class=\"elementor-element elementor-element-3226a4c elementor-invisible elementor-widget elementor-widget-image\" data-id=\"3226a4c\" data-element_type=\"widget\" data-e-type=\"widget\" data-settings=\"{&quot;_animation&quot;:&quot;tada&quot;}\" data-widget_type=\"image.default\">\n\t\t\t\t<div class=\"elementor-widget-container\">\n\t\t\t\t\t\t\t\t\t\t\t\t\t\t\t<img decoding=\"async\" width=\"800\" height=\"800\" src=\"https:\/\/minorsens.eu\/wp-content\/uploads\/2024\/11\/iconos-minorsens-verde-06.svg\" class=\"attachment-large size-large wp-image-756\" alt=\"\" loading=\"lazy\" \/>\t\t\t\t\t\t\t\t\t\t\t\t\t\t\t<\/div>\n\t\t\t\t<\/div>\n\t\t\t\t<div class=\"elementor-element elementor-element-54ac407 elementor-widget elementor-widget-heading\" data-id=\"54ac407\" data-element_type=\"widget\" data-e-type=\"widget\" data-widget_type=\"heading.default\">\n\t\t\t\t<div class=\"elementor-widget-container\">\n\t\t\t\t\t<h5 class=\"elementor-heading-title elementor-size-default\">Dar visibilidade ao potencial das variedades em perigo de extin\u00e7\u00e3o entre viticultores, adegas, viveiros produtores de plantas de videira, en\u00f3logos, investigadores, etc.<\/h5>\t\t\t\t<\/div>\n\t\t\t\t<\/div>\n\t\t\t\t<\/div>\n\t\t\t\t\t<\/div>\n\t\t\t\t<\/div>\n\t\t\t\t<\/div>\n\t\t","protected":false},"excerpt":{"rendered":"<p>Destacamos o potencial das variedades de uva em perigo de extin\u00e7\u00e3o<\/p>\n","protected":false},"author":1,"featured_media":0,"parent":0,"menu_order":0,"comment_status":"closed","ping_status":"closed","template":"","meta":{"inline_featured_image":false,"_monsterinsights_skip_tracking":false,"_monsterinsights_sitenote_active":false,"_monsterinsights_sitenote_note":"","_monsterinsights_sitenote_category":0,"footnotes":""},"class_list":["post-1760","page","type-page","status-publish","hentry"],"yoast_head":"<!-- This site is optimized with the Yoast SEO plugin v24.4 - https:\/\/yoast.com\/wordpress\/plugins\/seo\/ -->\n<title>Objetivos - Minorsens - Valorizando variedades de uva en peligro de extinci\u00f3n<\/title>\n<meta name=\"robots\" content=\"index, follow, max-snippet:-1, max-image-preview:large, max-video-preview:-1\" \/>\n<link rel=\"canonical\" href=\"https:\/\/minorsens.eu\/pt-pt\/objetivos\/\" \/>\n<meta property=\"og:locale\" content=\"pt_PT\" \/>\n<meta property=\"og:type\" content=\"article\" \/>\n<meta property=\"og:title\" content=\"Objetivos - Minorsens - Valorizando variedades de uva en peligro de extinci\u00f3n\" \/>\n<meta property=\"og:description\" content=\"Destacamos o potencial das variedades de uva em perigo de extin\u00e7\u00e3o\" \/>\n<meta property=\"og:url\" content=\"https:\/\/minorsens.eu\/pt-pt\/objetivos\/\" \/>\n<meta property=\"og:site_name\" content=\"Minorsens - Valorizando variedades de uva en peligro de extinci\u00f3n\" \/>\n<meta property=\"article:publisher\" content=\"https:\/\/www.facebook.com\/itacastillayleon\/\" \/>\n<meta property=\"article:modified_time\" content=\"2025-02-28T09:59:44+00:00\" \/>\n<meta property=\"og:image\" content=\"https:\/\/minorsens.eu\/wp-content\/uploads\/2024\/11\/Minorsens-33.jpg\" \/>\n\t<meta property=\"og:image:width\" content=\"1280\" \/>\n\t<meta property=\"og:image:height\" content=\"1920\" \/>\n\t<meta property=\"og:image:type\" content=\"image\/jpeg\" \/>\n<meta name=\"twitter:card\" content=\"summary_large_image\" \/>\n<meta name=\"twitter:site\" content=\"@itacyl\" \/>\n<meta name=\"twitter:label1\" content=\"Tempo estimado de leitura\" \/>\n\t<meta name=\"twitter:data1\" content=\"1 minuto\" \/>\n<script type=\"application\/ld+json\" class=\"yoast-schema-graph\">{\"@context\":\"https:\/\/schema.org\",\"@graph\":[{\"@type\":\"WebPage\",\"@id\":\"https:\/\/minorsens.eu\/pt-pt\/objetivos\/\",\"url\":\"https:\/\/minorsens.eu\/pt-pt\/objetivos\/\",\"name\":\"Objetivos - Minorsens - Valorizando variedades de uva en peligro de extinci\u00f3n\",\"isPartOf\":{\"@id\":\"https:\/\/minorsens.eu\/pt-pt\/#website\"},\"primaryImageOfPage\":{\"@id\":\"https:\/\/minorsens.eu\/pt-pt\/objetivos\/#primaryimage\"},\"image\":{\"@id\":\"https:\/\/minorsens.eu\/pt-pt\/objetivos\/#primaryimage\"},\"thumbnailUrl\":\"https:\/\/minorsens.eu\/wp-content\/uploads\/2024\/11\/Minorsens-33.jpg\",\"datePublished\":\"2024-11-06T10:25:31+00:00\",\"dateModified\":\"2025-02-28T09:59:44+00:00\",\"breadcrumb\":{\"@id\":\"https:\/\/minorsens.eu\/pt-pt\/objetivos\/#breadcrumb\"},\"inLanguage\":\"pt-PT\",\"potentialAction\":[{\"@type\":\"ReadAction\",\"target\":[\"https:\/\/minorsens.eu\/pt-pt\/objetivos\/\"]}]},{\"@type\":\"ImageObject\",\"inLanguage\":\"pt-PT\",\"@id\":\"https:\/\/minorsens.eu\/pt-pt\/objetivos\/#primaryimage\",\"url\":\"https:\/\/minorsens.eu\/wp-content\/uploads\/2024\/11\/Minorsens-33.jpg\",\"contentUrl\":\"https:\/\/minorsens.eu\/wp-content\/uploads\/2024\/11\/Minorsens-33.jpg\"},{\"@type\":\"BreadcrumbList\",\"@id\":\"https:\/\/minorsens.eu\/pt-pt\/objetivos\/#breadcrumb\",\"itemListElement\":[{\"@type\":\"ListItem\",\"position\":1,\"name\":\"Portada\",\"item\":\"https:\/\/minorsens.eu\/pt-pt\/\"},{\"@type\":\"ListItem\",\"position\":2,\"name\":\"Objetivos\"}]},{\"@type\":\"WebSite\",\"@id\":\"https:\/\/minorsens.eu\/pt-pt\/#website\",\"url\":\"https:\/\/minorsens.eu\/pt-pt\/\",\"name\":\"Minorsens\",\"description\":\"Valorizando variedades de uva en peligro de extinci\u00f3n\",\"publisher\":{\"@id\":\"https:\/\/minorsens.eu\/pt-pt\/#organization\"},\"potentialAction\":[{\"@type\":\"SearchAction\",\"target\":{\"@type\":\"EntryPoint\",\"urlTemplate\":\"https:\/\/minorsens.eu\/pt-pt\/?s={search_term_string}\"},\"query-input\":{\"@type\":\"PropertyValueSpecification\",\"valueRequired\":true,\"valueName\":\"search_term_string\"}}],\"inLanguage\":\"pt-PT\"},{\"@type\":\"Organization\",\"@id\":\"https:\/\/minorsens.eu\/pt-pt\/#organization\",\"name\":\"Minorsens\",\"url\":\"https:\/\/minorsens.eu\/pt-pt\/\",\"logo\":{\"@type\":\"ImageObject\",\"inLanguage\":\"pt-PT\",\"@id\":\"https:\/\/minorsens.eu\/pt-pt\/#\/schema\/logo\/image\/\",\"url\":\"https:\/\/minorsens.eu\/wp-content\/uploads\/2024\/10\/minorsens-logo-positivo-1.svg\",\"contentUrl\":\"https:\/\/minorsens.eu\/wp-content\/uploads\/2024\/10\/minorsens-logo-positivo-1.svg\",\"width\":1244,\"height\":165,\"caption\":\"Minorsens\"},\"image\":{\"@id\":\"https:\/\/minorsens.eu\/pt-pt\/#\/schema\/logo\/image\/\"},\"sameAs\":[\"https:\/\/www.facebook.com\/itacastillayleon\/\",\"https:\/\/x.com\/itacyl\",\"https:\/\/www.youtube.com\/channel\/UCZnHqRH-NBEhN49aazLv0RQ\/featured\",\"https:\/\/www.linkedin.com\/company\/itacyl\/\"]}]}<\/script>\n<!-- \/ Yoast SEO plugin. -->","yoast_head_json":{"title":"Objetivos - Minorsens - Valorizando variedades de uva en peligro de extinci\u00f3n","robots":{"index":"index","follow":"follow","max-snippet":"max-snippet:-1","max-image-preview":"max-image-preview:large","max-video-preview":"max-video-preview:-1"},"canonical":"https:\/\/minorsens.eu\/pt-pt\/objetivos\/","og_locale":"pt_PT","og_type":"article","og_title":"Objetivos - Minorsens - Valorizando variedades de uva en peligro de extinci\u00f3n","og_description":"Destacamos o potencial das variedades de uva em perigo de extin\u00e7\u00e3o","og_url":"https:\/\/minorsens.eu\/pt-pt\/objetivos\/","og_site_name":"Minorsens - Valorizando variedades de uva en peligro de extinci\u00f3n","article_publisher":"https:\/\/www.facebook.com\/itacastillayleon\/","article_modified_time":"2025-02-28T09:59:44+00:00","og_image":[{"width":1280,"height":1920,"url":"https:\/\/minorsens.eu\/wp-content\/uploads\/2024\/11\/Minorsens-33.jpg","type":"image\/jpeg"}],"twitter_card":"summary_large_image","twitter_site":"@itacyl","twitter_misc":{"Tempo estimado de leitura":"1 minuto"},"schema":{"@context":"https:\/\/schema.org","@graph":[{"@type":"WebPage","@id":"https:\/\/minorsens.eu\/pt-pt\/objetivos\/","url":"https:\/\/minorsens.eu\/pt-pt\/objetivos\/","name":"Objetivos - Minorsens - Valorizando variedades de uva en peligro de extinci\u00f3n","isPartOf":{"@id":"https:\/\/minorsens.eu\/pt-pt\/#website"},"primaryImageOfPage":{"@id":"https:\/\/minorsens.eu\/pt-pt\/objetivos\/#primaryimage"},"image":{"@id":"https:\/\/minorsens.eu\/pt-pt\/objetivos\/#primaryimage"},"thumbnailUrl":"https:\/\/minorsens.eu\/wp-content\/uploads\/2024\/11\/Minorsens-33.jpg","datePublished":"2024-11-06T10:25:31+00:00","dateModified":"2025-02-28T09:59:44+00:00","breadcrumb":{"@id":"https:\/\/minorsens.eu\/pt-pt\/objetivos\/#breadcrumb"},"inLanguage":"pt-PT","potentialAction":[{"@type":"ReadAction","target":["https:\/\/minorsens.eu\/pt-pt\/objetivos\/"]}]},{"@type":"ImageObject","inLanguage":"pt-PT","@id":"https:\/\/minorsens.eu\/pt-pt\/objetivos\/#primaryimage","url":"https:\/\/minorsens.eu\/wp-content\/uploads\/2024\/11\/Minorsens-33.jpg","contentUrl":"https:\/\/minorsens.eu\/wp-content\/uploads\/2024\/11\/Minorsens-33.jpg"},{"@type":"BreadcrumbList","@id":"https:\/\/minorsens.eu\/pt-pt\/objetivos\/#breadcrumb","itemListElement":[{"@type":"ListItem","position":1,"name":"Portada","item":"https:\/\/minorsens.eu\/pt-pt\/"},{"@type":"ListItem","position":2,"name":"Objetivos"}]},{"@type":"WebSite","@id":"https:\/\/minorsens.eu\/pt-pt\/#website","url":"https:\/\/minorsens.eu\/pt-pt\/","name":"Minorsens","description":"Valorizando variedades de uva en peligro de extinci\u00f3n","publisher":{"@id":"https:\/\/minorsens.eu\/pt-pt\/#organization"},"potentialAction":[{"@type":"SearchAction","target":{"@type":"EntryPoint","urlTemplate":"https:\/\/minorsens.eu\/pt-pt\/?s={search_term_string}"},"query-input":{"@type":"PropertyValueSpecification","valueRequired":true,"valueName":"search_term_string"}}],"inLanguage":"pt-PT"},{"@type":"Organization","@id":"https:\/\/minorsens.eu\/pt-pt\/#organization","name":"Minorsens","url":"https:\/\/minorsens.eu\/pt-pt\/","logo":{"@type":"ImageObject","inLanguage":"pt-PT","@id":"https:\/\/minorsens.eu\/pt-pt\/#\/schema\/logo\/image\/","url":"https:\/\/minorsens.eu\/wp-content\/uploads\/2024\/10\/minorsens-logo-positivo-1.svg","contentUrl":"https:\/\/minorsens.eu\/wp-content\/uploads\/2024\/10\/minorsens-logo-positivo-1.svg","width":1244,"height":165,"caption":"Minorsens"},"image":{"@id":"https:\/\/minorsens.eu\/pt-pt\/#\/schema\/logo\/image\/"},"sameAs":["https:\/\/www.facebook.com\/itacastillayleon\/","https:\/\/x.com\/itacyl","https:\/\/www.youtube.com\/channel\/UCZnHqRH-NBEhN49aazLv0RQ\/featured","https:\/\/www.linkedin.com\/company\/itacyl\/"]}]}},"_links":{"self":[{"href":"https:\/\/minorsens.eu\/pt-pt\/wp-json\/wp\/v2\/pages\/1760","targetHints":{"allow":["GET"]}}],"collection":[{"href":"https:\/\/minorsens.eu\/pt-pt\/wp-json\/wp\/v2\/pages"}],"about":[{"href":"https:\/\/minorsens.eu\/pt-pt\/wp-json\/wp\/v2\/types\/page"}],"author":[{"embeddable":true,"href":"https:\/\/minorsens.eu\/pt-pt\/wp-json\/wp\/v2\/users\/1"}],"replies":[{"embeddable":true,"href":"https:\/\/minorsens.eu\/pt-pt\/wp-json\/wp\/v2\/comments?post=1760"}],"version-history":[{"count":1,"href":"https:\/\/minorsens.eu\/pt-pt\/wp-json\/wp\/v2\/pages\/1760\/revisions"}],"predecessor-version":[{"id":1761,"href":"https:\/\/minorsens.eu\/pt-pt\/wp-json\/wp\/v2\/pages\/1760\/revisions\/1761"}],"wp:attachment":[{"href":"https:\/\/minorsens.eu\/pt-pt\/wp-json\/wp\/v2\/media?parent=1760"}],"curies":[{"name":"wp","href":"https:\/\/api.w.org\/{rel}","templated":true}]}}