{"id":1748,"date":"2024-11-07T12:34:18","date_gmt":"2024-11-07T11:34:18","guid":{"rendered":"https:\/\/minorsens.eu\/vinhos-e-tecnologia\/"},"modified":"2025-02-28T10:52:25","modified_gmt":"2025-02-28T09:52:25","slug":"vinhos-e-tecnologia","status":"publish","type":"page","link":"https:\/\/minorsens.eu\/pt-pt\/vinhos-e-tecnologia\/","title":{"rendered":"Vinhos e tecnologia"},"content":{"rendered":"\t\t<div data-elementor-type=\"wp-page\" data-elementor-id=\"1748\" class=\"elementor elementor-1748 elementor-810\" data-elementor-post-type=\"page\">\n\t\t\t\t<div class=\"elementor-element elementor-element-a0be4a5 e-flex e-con-boxed e-con e-parent\" data-id=\"a0be4a5\" data-element_type=\"container\" data-e-type=\"container\">\n\t\t\t\t\t<div class=\"e-con-inner\">\n\t\t<div class=\"elementor-element elementor-element-17145e8 e-con-full e-flex e-con e-child\" data-id=\"17145e8\" data-element_type=\"container\" data-e-type=\"container\">\n\t\t\t\t<div class=\"elementor-element elementor-element-589504f elementor-widget elementor-widget-heading\" data-id=\"589504f\" data-element_type=\"widget\" data-e-type=\"widget\" data-widget_type=\"heading.default\">\n\t\t\t\t<div class=\"elementor-widget-container\">\n\t\t\t\t\t<h2 class=\"elementor-heading-title elementor-size-default\">Minorsens tem um car\u00e1ter investigador e inovador<\/h2>\t\t\t\t<\/div>\n\t\t\t\t<\/div>\n\t\t\t\t<div class=\"elementor-element elementor-element-4176d8b elementor-widget elementor-widget-text-editor\" data-id=\"4176d8b\" data-element_type=\"widget\" data-e-type=\"widget\" data-widget_type=\"text-editor.default\">\n\t\t\t\t<div class=\"elementor-widget-container\">\n\t\t\t\t\t\t\t\t\t<p>Faz uso de novas t\u00e9cnicas baseadas em intelig\u00eancia artificial no desenvolvimento de um nariz eletr\u00f3nico e de uma l\u00edngua bioeletr\u00f3nica para caracterizar mostos e vinhos de forma objetiva e exaustiva.<\/p><p>A tradi\u00e7\u00e3o vitivin\u00edcola enraizada na zona transfronteiri\u00e7a perdura e ganha competitividade gra\u00e7as \u00e0 tecnologia. Os m\u00e9todos r\u00e1pidos e sens\u00edveis baseados em sistemas olfativos e gustativos eletr\u00f3nicos foram especificamente concebidos para analisar os vinhos e mostos elaborados com uvas de variedades minorit\u00e1rias. Estes sistemas consistem numa rede de sensores comunicados com um software de reconhecimento de padr\u00f5es. <\/p>\t\t\t\t\t\t\t\t<\/div>\n\t\t\t\t<\/div>\n\t\t\t\t<\/div>\n\t\t<div class=\"elementor-element elementor-element-0dc5f77 e-con-full e-flex e-con e-child\" data-id=\"0dc5f77\" data-element_type=\"container\" data-e-type=\"container\">\n\t\t\t\t<div class=\"elementor-element elementor-element-c7dcc61 elementor-widget elementor-widget-image\" data-id=\"c7dcc61\" data-element_type=\"widget\" data-e-type=\"widget\" data-widget_type=\"image.default\">\n\t\t\t\t<div class=\"elementor-widget-container\">\n\t\t\t\t\t\t\t\t\t\t\t\t\t\t\t<img loading=\"lazy\" decoding=\"async\" width=\"1920\" height=\"1280\" src=\"https:\/\/minorsens.eu\/wp-content\/uploads\/2024\/11\/Minorsens-38.jpg\" class=\"attachment-full size-full wp-image-570\" alt=\"\" srcset=\"https:\/\/minorsens.eu\/wp-content\/uploads\/2024\/11\/Minorsens-38.jpg 1920w, https:\/\/minorsens.eu\/wp-content\/uploads\/2024\/11\/Minorsens-38-300x200.jpg 300w, https:\/\/minorsens.eu\/wp-content\/uploads\/2024\/11\/Minorsens-38-1024x683.jpg 1024w, https:\/\/minorsens.eu\/wp-content\/uploads\/2024\/11\/Minorsens-38-768x512.jpg 768w, https:\/\/minorsens.eu\/wp-content\/uploads\/2024\/11\/Minorsens-38-1536x1024.jpg 1536w\" sizes=\"auto, (max-width: 1920px) 100vw, 1920px\" \/>\t\t\t\t\t\t\t\t\t\t\t\t\t\t\t<\/div>\n\t\t\t\t<\/div>\n\t\t\t\t<\/div>\n\t\t\t\t\t<\/div>\n\t\t\t\t<\/div>\n\t\t<div class=\"elementor-element elementor-element-0cfab05 e-flex e-con-boxed e-con e-parent\" data-id=\"0cfab05\" data-element_type=\"container\" data-e-type=\"container\">\n\t\t\t\t\t<div class=\"e-con-inner\">\n\t\t<div class=\"elementor-element elementor-element-d51982f e-con-full e-flex e-con e-child\" data-id=\"d51982f\" data-element_type=\"container\" data-e-type=\"container\">\n\t\t\t\t<div class=\"elementor-element elementor-element-84e3fda elementor-widget elementor-widget-image\" data-id=\"84e3fda\" data-element_type=\"widget\" data-e-type=\"widget\" data-widget_type=\"image.default\">\n\t\t\t\t<div class=\"elementor-widget-container\">\n\t\t\t\t\t\t\t\t\t\t\t\t\t\t\t<img loading=\"lazy\" decoding=\"async\" width=\"1920\" height=\"1281\" src=\"https:\/\/minorsens.eu\/wp-content\/uploads\/2024\/11\/tecnologia-minorsens.jpg\" class=\"attachment-full size-full wp-image-818\" alt=\"\" srcset=\"https:\/\/minorsens.eu\/wp-content\/uploads\/2024\/11\/tecnologia-minorsens.jpg 1920w, https:\/\/minorsens.eu\/wp-content\/uploads\/2024\/11\/tecnologia-minorsens-300x200.jpg 300w, https:\/\/minorsens.eu\/wp-content\/uploads\/2024\/11\/tecnologia-minorsens-1024x683.jpg 1024w, https:\/\/minorsens.eu\/wp-content\/uploads\/2024\/11\/tecnologia-minorsens-768x512.jpg 768w, https:\/\/minorsens.eu\/wp-content\/uploads\/2024\/11\/tecnologia-minorsens-1536x1025.jpg 1536w\" sizes=\"auto, (max-width: 1920px) 100vw, 1920px\" \/>\t\t\t\t\t\t\t\t\t\t\t\t\t\t\t<\/div>\n\t\t\t\t<\/div>\n\t\t\t\t<\/div>\n\t\t<div class=\"elementor-element elementor-element-6954e76 e-con-full e-flex e-con e-child\" data-id=\"6954e76\" data-element_type=\"container\" data-e-type=\"container\">\n\t\t\t\t<div class=\"elementor-element elementor-element-e5de369 elementor-widget elementor-widget-heading\" data-id=\"e5de369\" data-element_type=\"widget\" data-e-type=\"widget\" data-widget_type=\"heading.default\">\n\t\t\t\t<div class=\"elementor-widget-container\">\n\t\t\t\t\t<h2 class=\"elementor-heading-title elementor-size-default\">O nariz e a l\u00edngua bioeletr\u00f3nica<\/h2>\t\t\t\t<\/div>\n\t\t\t\t<\/div>\n\t\t\t\t<div class=\"elementor-element elementor-element-ab25b1b elementor-widget elementor-widget-text-editor\" data-id=\"ab25b1b\" data-element_type=\"widget\" data-e-type=\"widget\" data-widget_type=\"text-editor.default\">\n\t\t\t\t<div class=\"elementor-widget-container\">\n\t\t\t\t\t\t\t\t\t<p>Os dados obtidos atrav\u00e9s do nariz eletr\u00f3nico e da l\u00edngua bioeletr\u00f3nica combinam-se para poder obter um sistema que avalie ao mesmo tempo a fase olfativa e gustativa dos mostos e vinhos selecionados.<\/p>\t\t\t\t\t\t\t\t<\/div>\n\t\t\t\t<\/div>\n\t\t\t\t<div class=\"elementor-element elementor-element-1960191 elementor-widget elementor-widget-n-accordion\" data-id=\"1960191\" data-element_type=\"widget\" data-e-type=\"widget\" data-settings=\"{&quot;default_state&quot;:&quot;all_collapsed&quot;,&quot;n_accordion_animation_duration&quot;:{&quot;unit&quot;:&quot;ms&quot;,&quot;size&quot;:200,&quot;sizes&quot;:[]},&quot;max_items_expended&quot;:&quot;one&quot;}\" data-widget_type=\"nested-accordion.default\">\n\t\t\t\t<div class=\"elementor-widget-container\">\n\t\t\t\t\t\t\t<div class=\"e-n-accordion\" aria-label=\"Accordion. Open links with Enter or Space, close with Escape, and navigate with Arrow Keys\">\n\t\t\t\t\t\t<details id=\"e-n-accordion-item-2660\" class=\"e-n-accordion-item\" >\n\t\t\t\t<summary class=\"e-n-accordion-item-title\" data-accordion-index=\"1\" tabindex=\"0\" aria-expanded=\"false\" aria-controls=\"e-n-accordion-item-2660\" >\n\t\t\t\t\t<span class='e-n-accordion-item-title-header'><div class=\"e-n-accordion-item-title-text\"> Nariz eletr\u00f3nico <\/div><\/span>\n\t\t\t\t\t\t\t<span class='e-n-accordion-item-title-icon'>\n\t\t\t<span class='e-opened' ><svg aria-hidden=\"true\" class=\"e-font-icon-svg e-fas-chevron-up\" viewBox=\"0 0 448 512\" xmlns=\"http:\/\/www.w3.org\/2000\/svg\"><path d=\"M240.971 130.524l194.343 194.343c9.373 9.373 9.373 24.569 0 33.941l-22.667 22.667c-9.357 9.357-24.522 9.375-33.901.04L224 227.495 69.255 381.516c-9.379 9.335-24.544 9.317-33.901-.04l-22.667-22.667c-9.373-9.373-9.373-24.569 0-33.941L207.03 130.525c9.372-9.373 24.568-9.373 33.941-.001z\"><\/path><\/svg><\/span>\n\t\t\t<span class='e-closed'><svg aria-hidden=\"true\" class=\"e-font-icon-svg e-fas-chevron-down\" viewBox=\"0 0 448 512\" xmlns=\"http:\/\/www.w3.org\/2000\/svg\"><path d=\"M207.029 381.476L12.686 187.132c-9.373-9.373-9.373-24.569 0-33.941l22.667-22.667c9.357-9.357 24.522-9.375 33.901-.04L224 284.505l154.745-154.021c9.379-9.335 24.544-9.317 33.901.04l22.667 22.667c9.373 9.373 9.373 24.569 0 33.941L240.971 381.476c-9.373 9.372-24.569 9.372-33.942 0z\"><\/path><\/svg><\/span>\n\t\t<\/span>\n\n\t\t\t\t\t\t<\/summary>\n\t\t\t\t<div role=\"region\" aria-labelledby=\"e-n-accordion-item-2660\" class=\"elementor-element elementor-element-20aedc0 e-con-full e-flex e-con e-child\" data-id=\"20aedc0\" data-element_type=\"container\" data-e-type=\"container\">\n\t\t\t\t<div class=\"elementor-element elementor-element-440c88f elementor-widget elementor-widget-text-editor\" data-id=\"440c88f\" data-element_type=\"widget\" data-e-type=\"widget\" data-widget_type=\"text-editor.default\">\n\t\t\t\t<div class=\"elementor-widget-container\">\n\t\t\t\t\t\t\t\t\t<p>O sistema para analisar a fase olfativa dos vinhos consiste numa rede de sensores resistivos baseados em \u00f3xidos met\u00e1licos juntamente com um hardware que permite recolher amostras de mostos e vinhos e um software de reconhecimento de padr\u00f5es.<\/p>\t\t\t\t\t\t\t\t<\/div>\n\t\t\t\t<\/div>\n\t\t\t\t<\/div>\n\t\t\t\t\t<\/details>\n\t\t\t\t\t\t<details id=\"e-n-accordion-item-2661\" class=\"e-n-accordion-item\" >\n\t\t\t\t<summary class=\"e-n-accordion-item-title\" data-accordion-index=\"2\" tabindex=\"-1\" aria-expanded=\"false\" aria-controls=\"e-n-accordion-item-2661\" >\n\t\t\t\t\t<span class='e-n-accordion-item-title-header'><div class=\"e-n-accordion-item-title-text\"> L\u00edngua bioeletr\u00f3nica <\/div><\/span>\n\t\t\t\t\t\t\t<span class='e-n-accordion-item-title-icon'>\n\t\t\t<span class='e-opened' ><svg aria-hidden=\"true\" class=\"e-font-icon-svg e-fas-chevron-up\" viewBox=\"0 0 448 512\" xmlns=\"http:\/\/www.w3.org\/2000\/svg\"><path d=\"M240.971 130.524l194.343 194.343c9.373 9.373 9.373 24.569 0 33.941l-22.667 22.667c-9.357 9.357-24.522 9.375-33.901.04L224 227.495 69.255 381.516c-9.379 9.335-24.544 9.317-33.901-.04l-22.667-22.667c-9.373-9.373-9.373-24.569 0-33.941L207.03 130.525c9.372-9.373 24.568-9.373 33.941-.001z\"><\/path><\/svg><\/span>\n\t\t\t<span class='e-closed'><svg aria-hidden=\"true\" class=\"e-font-icon-svg e-fas-chevron-down\" viewBox=\"0 0 448 512\" xmlns=\"http:\/\/www.w3.org\/2000\/svg\"><path d=\"M207.029 381.476L12.686 187.132c-9.373-9.373-9.373-24.569 0-33.941l22.667-22.667c9.357-9.357 24.522-9.375 33.901-.04L224 284.505l154.745-154.021c9.379-9.335 24.544-9.317 33.901.04l22.667 22.667c9.373 9.373 9.373 24.569 0 33.941L240.971 381.476c-9.373 9.372-24.569 9.372-33.942 0z\"><\/path><\/svg><\/span>\n\t\t<\/span>\n\n\t\t\t\t\t\t<\/summary>\n\t\t\t\t<div role=\"region\" aria-labelledby=\"e-n-accordion-item-2661\" class=\"elementor-element elementor-element-1631630 e-con-full e-flex e-con e-child\" data-id=\"1631630\" data-element_type=\"container\" data-e-type=\"container\">\n\t\t\t\t<div class=\"elementor-element elementor-element-d48e697 elementor-widget elementor-widget-text-editor\" data-id=\"d48e697\" data-element_type=\"widget\" data-e-type=\"widget\" data-widget_type=\"text-editor.default\">\n\t\t\t\t<div class=\"elementor-widget-container\">\n\t\t\t\t\t\t\t\t\t<p>Este sistema utiliza ferramentas e metodologias avan\u00e7adas na interface entre a nanoci\u00eancia e a biologia. Os sensores s\u00e3o capazes de detetar com alta especificidade e seletividade compostos de interesse como a\u00e7\u00facares, fen\u00f3is, polifen\u00f3is ou \u00e1cidos org\u00e2nicos. A l\u00edngua bioeletr\u00f3nica baseia-se numa rede de nano\/biossensores eletroqu\u00edmicos juntamente com um software de reconhecimento de padr\u00f5es que permite classificar os vinhos e mostos em fun\u00e7\u00e3o das suas caracter\u00edsticas qu\u00edmicas e organol\u00e9ticas.<\/p>\t\t\t\t\t\t\t\t<\/div>\n\t\t\t\t<\/div>\n\t\t\t\t<\/div>\n\t\t\t\t\t<\/details>\n\t\t\t\t\t<\/div>\n\t\t\t\t\t\t<\/div>\n\t\t\t\t<\/div>\n\t\t\t\t<\/div>\n\t\t\t\t\t<\/div>\n\t\t\t\t<\/div>\n\t\t\t\t<\/div>\n\t\t","protected":false},"excerpt":{"rendered":"<p>Aplicamos t\u00e9cnicas baseadas em intelig\u00eancia artificial para o desenvolvimento de um nariz eletr\u00f3nico e uma l\u00edngua bioeletr\u00f3nica<\/p>\n","protected":false},"author":1,"featured_media":0,"parent":0,"menu_order":0,"comment_status":"closed","ping_status":"closed","template":"","meta":{"inline_featured_image":false,"_monsterinsights_skip_tracking":false,"_monsterinsights_sitenote_active":false,"_monsterinsights_sitenote_note":"","_monsterinsights_sitenote_category":0,"footnotes":""},"class_list":["post-1748","page","type-page","status-publish","hentry"],"yoast_head":"<!-- This site is optimized with the Yoast SEO plugin v24.4 - https:\/\/yoast.com\/wordpress\/plugins\/seo\/ -->\n<title>Vinhos e tecnologia - Minorsens - Valorizando variedades de uva en peligro de extinci\u00f3n<\/title>\n<meta name=\"robots\" content=\"index, follow, max-snippet:-1, max-image-preview:large, max-video-preview:-1\" \/>\n<link rel=\"canonical\" href=\"https:\/\/minorsens.eu\/pt-pt\/vinhos-e-tecnologia\/\" \/>\n<meta property=\"og:locale\" content=\"pt_PT\" \/>\n<meta property=\"og:type\" content=\"article\" \/>\n<meta property=\"og:title\" content=\"Vinhos e tecnologia - Minorsens - Valorizando variedades de uva en peligro de extinci\u00f3n\" \/>\n<meta property=\"og:description\" content=\"Aplicamos t\u00e9cnicas baseadas em intelig\u00eancia artificial para o desenvolvimento de um nariz eletr\u00f3nico e uma l\u00edngua bioeletr\u00f3nica\" \/>\n<meta property=\"og:url\" content=\"https:\/\/minorsens.eu\/pt-pt\/vinhos-e-tecnologia\/\" \/>\n<meta property=\"og:site_name\" content=\"Minorsens - Valorizando variedades de uva en peligro de extinci\u00f3n\" \/>\n<meta property=\"article:publisher\" content=\"https:\/\/www.facebook.com\/itacastillayleon\/\" \/>\n<meta property=\"article:modified_time\" content=\"2025-02-28T09:52:25+00:00\" \/>\n<meta property=\"og:image\" content=\"https:\/\/minorsens.eu\/wp-content\/uploads\/2024\/11\/Minorsens-38.jpg\" \/>\n\t<meta property=\"og:image:width\" content=\"1920\" \/>\n\t<meta property=\"og:image:height\" content=\"1280\" \/>\n\t<meta property=\"og:image:type\" content=\"image\/jpeg\" \/>\n<meta name=\"twitter:card\" content=\"summary_large_image\" \/>\n<meta name=\"twitter:site\" content=\"@itacyl\" \/>\n<meta name=\"twitter:label1\" content=\"Tempo estimado de leitura\" \/>\n\t<meta name=\"twitter:data1\" content=\"2 minutos\" \/>\n<script type=\"application\/ld+json\" class=\"yoast-schema-graph\">{\"@context\":\"https:\/\/schema.org\",\"@graph\":[{\"@type\":\"WebPage\",\"@id\":\"https:\/\/minorsens.eu\/pt-pt\/vinhos-e-tecnologia\/\",\"url\":\"https:\/\/minorsens.eu\/pt-pt\/vinhos-e-tecnologia\/\",\"name\":\"Vinhos e tecnologia - Minorsens - Valorizando variedades de uva en peligro de extinci\u00f3n\",\"isPartOf\":{\"@id\":\"https:\/\/minorsens.eu\/pt-pt\/#website\"},\"primaryImageOfPage\":{\"@id\":\"https:\/\/minorsens.eu\/pt-pt\/vinhos-e-tecnologia\/#primaryimage\"},\"image\":{\"@id\":\"https:\/\/minorsens.eu\/pt-pt\/vinhos-e-tecnologia\/#primaryimage\"},\"thumbnailUrl\":\"https:\/\/minorsens.eu\/wp-content\/uploads\/2024\/11\/Minorsens-38.jpg\",\"datePublished\":\"2024-11-07T11:34:18+00:00\",\"dateModified\":\"2025-02-28T09:52:25+00:00\",\"breadcrumb\":{\"@id\":\"https:\/\/minorsens.eu\/pt-pt\/vinhos-e-tecnologia\/#breadcrumb\"},\"inLanguage\":\"pt-PT\",\"potentialAction\":[{\"@type\":\"ReadAction\",\"target\":[\"https:\/\/minorsens.eu\/pt-pt\/vinhos-e-tecnologia\/\"]}]},{\"@type\":\"ImageObject\",\"inLanguage\":\"pt-PT\",\"@id\":\"https:\/\/minorsens.eu\/pt-pt\/vinhos-e-tecnologia\/#primaryimage\",\"url\":\"https:\/\/minorsens.eu\/wp-content\/uploads\/2024\/11\/Minorsens-38.jpg\",\"contentUrl\":\"https:\/\/minorsens.eu\/wp-content\/uploads\/2024\/11\/Minorsens-38.jpg\"},{\"@type\":\"BreadcrumbList\",\"@id\":\"https:\/\/minorsens.eu\/pt-pt\/vinhos-e-tecnologia\/#breadcrumb\",\"itemListElement\":[{\"@type\":\"ListItem\",\"position\":1,\"name\":\"Portada\",\"item\":\"https:\/\/minorsens.eu\/pt-pt\/\"},{\"@type\":\"ListItem\",\"position\":2,\"name\":\"Vinhos e tecnologia\"}]},{\"@type\":\"WebSite\",\"@id\":\"https:\/\/minorsens.eu\/pt-pt\/#website\",\"url\":\"https:\/\/minorsens.eu\/pt-pt\/\",\"name\":\"Minorsens\",\"description\":\"Valorizando variedades de uva en peligro de extinci\u00f3n\",\"publisher\":{\"@id\":\"https:\/\/minorsens.eu\/pt-pt\/#organization\"},\"potentialAction\":[{\"@type\":\"SearchAction\",\"target\":{\"@type\":\"EntryPoint\",\"urlTemplate\":\"https:\/\/minorsens.eu\/pt-pt\/?s={search_term_string}\"},\"query-input\":{\"@type\":\"PropertyValueSpecification\",\"valueRequired\":true,\"valueName\":\"search_term_string\"}}],\"inLanguage\":\"pt-PT\"},{\"@type\":\"Organization\",\"@id\":\"https:\/\/minorsens.eu\/pt-pt\/#organization\",\"name\":\"Minorsens\",\"url\":\"https:\/\/minorsens.eu\/pt-pt\/\",\"logo\":{\"@type\":\"ImageObject\",\"inLanguage\":\"pt-PT\",\"@id\":\"https:\/\/minorsens.eu\/pt-pt\/#\/schema\/logo\/image\/\",\"url\":\"https:\/\/minorsens.eu\/wp-content\/uploads\/2024\/10\/minorsens-logo-positivo-1.svg\",\"contentUrl\":\"https:\/\/minorsens.eu\/wp-content\/uploads\/2024\/10\/minorsens-logo-positivo-1.svg\",\"width\":1244,\"height\":165,\"caption\":\"Minorsens\"},\"image\":{\"@id\":\"https:\/\/minorsens.eu\/pt-pt\/#\/schema\/logo\/image\/\"},\"sameAs\":[\"https:\/\/www.facebook.com\/itacastillayleon\/\",\"https:\/\/x.com\/itacyl\",\"https:\/\/www.youtube.com\/channel\/UCZnHqRH-NBEhN49aazLv0RQ\/featured\",\"https:\/\/www.linkedin.com\/company\/itacyl\/\"]}]}<\/script>\n<!-- \/ Yoast SEO plugin. -->","yoast_head_json":{"title":"Vinhos e tecnologia - Minorsens - Valorizando variedades de uva en peligro de extinci\u00f3n","robots":{"index":"index","follow":"follow","max-snippet":"max-snippet:-1","max-image-preview":"max-image-preview:large","max-video-preview":"max-video-preview:-1"},"canonical":"https:\/\/minorsens.eu\/pt-pt\/vinhos-e-tecnologia\/","og_locale":"pt_PT","og_type":"article","og_title":"Vinhos e tecnologia - Minorsens - Valorizando variedades de uva en peligro de extinci\u00f3n","og_description":"Aplicamos t\u00e9cnicas baseadas em intelig\u00eancia artificial para o desenvolvimento de um nariz eletr\u00f3nico e uma l\u00edngua bioeletr\u00f3nica","og_url":"https:\/\/minorsens.eu\/pt-pt\/vinhos-e-tecnologia\/","og_site_name":"Minorsens - Valorizando variedades de uva en peligro de extinci\u00f3n","article_publisher":"https:\/\/www.facebook.com\/itacastillayleon\/","article_modified_time":"2025-02-28T09:52:25+00:00","og_image":[{"width":1920,"height":1280,"url":"https:\/\/minorsens.eu\/wp-content\/uploads\/2024\/11\/Minorsens-38.jpg","type":"image\/jpeg"}],"twitter_card":"summary_large_image","twitter_site":"@itacyl","twitter_misc":{"Tempo estimado de leitura":"2 minutos"},"schema":{"@context":"https:\/\/schema.org","@graph":[{"@type":"WebPage","@id":"https:\/\/minorsens.eu\/pt-pt\/vinhos-e-tecnologia\/","url":"https:\/\/minorsens.eu\/pt-pt\/vinhos-e-tecnologia\/","name":"Vinhos e tecnologia - Minorsens - Valorizando variedades de uva en peligro de extinci\u00f3n","isPartOf":{"@id":"https:\/\/minorsens.eu\/pt-pt\/#website"},"primaryImageOfPage":{"@id":"https:\/\/minorsens.eu\/pt-pt\/vinhos-e-tecnologia\/#primaryimage"},"image":{"@id":"https:\/\/minorsens.eu\/pt-pt\/vinhos-e-tecnologia\/#primaryimage"},"thumbnailUrl":"https:\/\/minorsens.eu\/wp-content\/uploads\/2024\/11\/Minorsens-38.jpg","datePublished":"2024-11-07T11:34:18+00:00","dateModified":"2025-02-28T09:52:25+00:00","breadcrumb":{"@id":"https:\/\/minorsens.eu\/pt-pt\/vinhos-e-tecnologia\/#breadcrumb"},"inLanguage":"pt-PT","potentialAction":[{"@type":"ReadAction","target":["https:\/\/minorsens.eu\/pt-pt\/vinhos-e-tecnologia\/"]}]},{"@type":"ImageObject","inLanguage":"pt-PT","@id":"https:\/\/minorsens.eu\/pt-pt\/vinhos-e-tecnologia\/#primaryimage","url":"https:\/\/minorsens.eu\/wp-content\/uploads\/2024\/11\/Minorsens-38.jpg","contentUrl":"https:\/\/minorsens.eu\/wp-content\/uploads\/2024\/11\/Minorsens-38.jpg"},{"@type":"BreadcrumbList","@id":"https:\/\/minorsens.eu\/pt-pt\/vinhos-e-tecnologia\/#breadcrumb","itemListElement":[{"@type":"ListItem","position":1,"name":"Portada","item":"https:\/\/minorsens.eu\/pt-pt\/"},{"@type":"ListItem","position":2,"name":"Vinhos e tecnologia"}]},{"@type":"WebSite","@id":"https:\/\/minorsens.eu\/pt-pt\/#website","url":"https:\/\/minorsens.eu\/pt-pt\/","name":"Minorsens","description":"Valorizando variedades de uva en peligro de extinci\u00f3n","publisher":{"@id":"https:\/\/minorsens.eu\/pt-pt\/#organization"},"potentialAction":[{"@type":"SearchAction","target":{"@type":"EntryPoint","urlTemplate":"https:\/\/minorsens.eu\/pt-pt\/?s={search_term_string}"},"query-input":{"@type":"PropertyValueSpecification","valueRequired":true,"valueName":"search_term_string"}}],"inLanguage":"pt-PT"},{"@type":"Organization","@id":"https:\/\/minorsens.eu\/pt-pt\/#organization","name":"Minorsens","url":"https:\/\/minorsens.eu\/pt-pt\/","logo":{"@type":"ImageObject","inLanguage":"pt-PT","@id":"https:\/\/minorsens.eu\/pt-pt\/#\/schema\/logo\/image\/","url":"https:\/\/minorsens.eu\/wp-content\/uploads\/2024\/10\/minorsens-logo-positivo-1.svg","contentUrl":"https:\/\/minorsens.eu\/wp-content\/uploads\/2024\/10\/minorsens-logo-positivo-1.svg","width":1244,"height":165,"caption":"Minorsens"},"image":{"@id":"https:\/\/minorsens.eu\/pt-pt\/#\/schema\/logo\/image\/"},"sameAs":["https:\/\/www.facebook.com\/itacastillayleon\/","https:\/\/x.com\/itacyl","https:\/\/www.youtube.com\/channel\/UCZnHqRH-NBEhN49aazLv0RQ\/featured","https:\/\/www.linkedin.com\/company\/itacyl\/"]}]}},"_links":{"self":[{"href":"https:\/\/minorsens.eu\/pt-pt\/wp-json\/wp\/v2\/pages\/1748","targetHints":{"allow":["GET"]}}],"collection":[{"href":"https:\/\/minorsens.eu\/pt-pt\/wp-json\/wp\/v2\/pages"}],"about":[{"href":"https:\/\/minorsens.eu\/pt-pt\/wp-json\/wp\/v2\/types\/page"}],"author":[{"embeddable":true,"href":"https:\/\/minorsens.eu\/pt-pt\/wp-json\/wp\/v2\/users\/1"}],"replies":[{"embeddable":true,"href":"https:\/\/minorsens.eu\/pt-pt\/wp-json\/wp\/v2\/comments?post=1748"}],"version-history":[{"count":3,"href":"https:\/\/minorsens.eu\/pt-pt\/wp-json\/wp\/v2\/pages\/1748\/revisions"}],"predecessor-version":[{"id":1751,"href":"https:\/\/minorsens.eu\/pt-pt\/wp-json\/wp\/v2\/pages\/1748\/revisions\/1751"}],"wp:attachment":[{"href":"https:\/\/minorsens.eu\/pt-pt\/wp-json\/wp\/v2\/media?parent=1748"}],"curies":[{"name":"wp","href":"https:\/\/api.w.org\/{rel}","templated":true}]}}